{"id":355,"date":"2022-12-28T08:22:01","date_gmt":"2022-12-28T07:22:01","guid":{"rendered":"https:\/\/ptc.provincia.prato.it\/?page_id=355"},"modified":"2023-01-09T10:26:24","modified_gmt":"2023-01-09T09:26:24","slug":"adozione-v-a-s","status":"publish","type":"page","link":"https:\/\/ptc.provincia.prato.it\/index.php\/adozione-v-a-s\/","title":{"rendered":"Adozione V.A.S."},"content":{"rendered":"\n<p>Con Delibera del Consiglio Provinciale n. 21 del 25\/07\/2022 \u00e8 stata adottata <strong>la variante di aggiornamento ed adeguamento del vigente PTCP alla L.R. 65\/2014 e al PIT-PPR ai sensi dell&#8217;art. 19  della L.R. 65\/2014, con contestuale adozione del Rapporto Ambientale e della Sintesi non Tecnica ai sensi dell\u2019art.8 L.R. 10\/2010.<\/strong><\/p>\n\n\n\n<p>Nell&#8217;espletamento della Valutazione Ambientale Strategica, sono individuate le seguenti figure, coerentemente con le definizioni di cui all\u2019art. 4 della L.R 10\/2010:<\/p>\n\n\n\n<p><em><strong>Autorit\u00e0 Procedente<\/strong><\/em><\/p>\n\n\n\n<p>E\u2019 la pubblica amministrazione che elabora ed approva il piano o programma e provvede a tutti gli adempimenti finalizzati alla sua formazione ed \u00e8 individuata nella Provincia di Prato.<\/p>\n\n\n\n<p><em><strong>Autorit\u00e0 Competente<\/strong><\/em><\/p>\n\n\n\n<p>E\u2019 la pubblica amministrazione che collabora con l\u2019autorit\u00e0 procedente nelle varie fasi della VAS. La Provincia di Prato, in qualit\u00e0 di autorit\u00e0 procedente, ha individuato come autorit\u00e0 competente il Settore Ambiente del Comune di Prato.<\/p>\n\n\n\n<p>Tutti gli elaborati del piano, con particolare riferimento al Rapporto Ambientale e la Sintesi non tecnica sono osservabili per 45 giorni a partire dal <strong>09\/01\/2023<\/strong>, data di pubblicazione del presente avviso, e fino al <strong>23\/02\/2023<\/strong>.<\/p>\n\n\n\n<h4>Modalit\u00e0 di consultazione<\/h4>\n\n\n\n<p>Tutti gli atti adottati sono consultabili online al seguente link <a href=\"http:\/\/ptc.provincia.prato.it\">ptc.provincia.prato.it<\/a> e sono depositati presso la sede della Provincia, Via Bettino Ricasoli 25, Prato, e presso gli uffici U.O.C. Tutela dell\u2019ambiente del Comune di Prato, Piazza Mercatale 31, Prato, per quarantacinque (45) giorni consecutivi dal <strong>09\/01\/2023<\/strong> e fino al <strong>23\/02\/2023<\/strong>.<\/p>\n\n\n\n<p>Entro tale termine chiunque pu\u00f2 prendere visione della proposta di piano o programma e del relativo rapporto ambientale e presentare all\u2019autorit\u00e0 competente e all\u2019autorit\u00e0 procedente proprie osservazioni per iscritto, in formato elettronico, anche fornendo nuovi o ulteriori elementi conoscitivi e valutativi.<\/p>\n\n\n\n<p>Le osservazioni devono essere trasmesse in formato elettronico, ai seguenti indirizzi:<\/p>\n\n\n\n<ul><li>Provincia di Prato \u2013 Servizio Edilizia Scolastica, Patrimonio, Urbanistica, PEC <a href=\"mailto:provinciadiprato@postacert.toscana.it\">provinciadiprato@postacert.toscana.it<\/a> , o allo sportello del Protocollo Generale, Via Ricasoli, 25 Prato.<\/li><\/ul>\n\n\n\n<ul><li>Comune di Prato U.O.C. Tutela dell\u2019ambiente \u2013 PEC <a href=\"mailto:comune.prato@postacert.toscana.it\">comune.prato@postacert.toscana.it<\/a>, o allo sportello del Protocollo Generale, Piazza del Pesce, 9 Prato.<\/li><\/ul>\n\n\n\n<h4>Descrizione del Piano<\/h4>\n\n\n\n<p>Come previsto dall\u2019 art. 90 della LR 65\/2014 il PTC si compone di:<\/p>\n\n\n\n<p>&#8211; un quadro conoscitivo del patrimonio territoriale;<\/p>\n\n\n\n<p>&#8211; di una parte statutaria;<\/p>\n\n\n\n<p>&#8211; di una parte strategica.<\/p>\n\n\n\n<p>Il quadro conoscitivo del PTC ha il compito di descrivere il patrimonio territoriale, il quale \u00e8 riconosciuto come bene comune costitutivo dell\u2019identit\u00e0 collettiva. Lo Statuto del territorio del PTC assume il ruolo di catalizzatore degli Statuti dei Piani Strutturali dei Comuni della provincia, proponendosi come statuto degli statuti e garantendo certezza del diritto, sinergie, collaborazioni e condivisioni con gli Enti operanti sul territorio provinciale. La parte strategica del PTC individua le linee progettuali dello sviluppo sostenibile del territorio.<\/p>\n\n\n\n<p>Il PTC non contiene localizzazioni puntuali per i quali si rende necessaria la valutazione di alternative o diversi scenari: gli interventi previsti e puntualmente localizzati, come definiti all\u2019art. 38 della Disciplina, si riferiscono a opere di recupero di edifici o aree esistenti; in particolare il PTC interviene direttamente nei Poli scolastici di San Giusto e San Paolo, detta indirizzi per il Parco Centrale di Prato, per la sede della Ex Misericordia, per l\u2019area di Gonfienti e l&#8217;Interporto della Toscana Centrale.<\/p>\n\n\n\n<p>Relativamente alle reti di fruizione, il PTC e la Provincia, nell\u2019esercizio delle sue funzioni, demanda agli strumenti di pianificazione territoriale e urbanistica comunali la possibilit\u00e0 di specificare, approfondire ed attuare i contenuti e le disposizioni del Piano in materia di infrastrutture per la mobilit\u00e0 sostenibile e di rete di fruizione dei paesaggi.<\/p>\n\n\n\n<h4>Sintesi degli effetti del piano<\/h4>\n\n\n\n<p class=\"has-text-align-left\">Dall\u2019analisi dei coefficienti di tutela e di trasformazione, declinati per risorsa, emerge l\u2019attenzione del piano nei confronti delle risorse legate al contesto naturale. Infatti, aria, biodiversit\u00e0, flora, fauna e territorio rurale, la cui tutela \u00e8 affidata allo Statuto sono risorse che presentano indici di sostenibilit\u00e0 positivi. In riferimento agli aspetti antropici, come citt\u00e0 ed insediamenti e documenti della cultura, il piano ne riconosce il valore negli articoli dello Statuto e per questo detta norme volte alla tutela e alla valorizzazione. Popolazione e processi socio economici ottengono un coefficiente di tutela significativo poich\u00e9 subiscono una ricaduta positiva derivante dalle azioni declinate nella Strategia.<\/p>\n\n\n\n<h4>Necessit\u00e0 della Valutazione di Incidenza<\/h4>\n\n\n\n<p>Il territorio della provincia di Prato \u00e8 interessato dalla presenza di 4 siti Natura 2000, interamente ricadenti nel territorio provinciale:<\/p>\n\n\n\n<ul><li>IT5140011 &#8211; Stagni della Piana Fiorentina e Pratese;<\/li><li>IT5150001- La Calvana;<\/li><li>IT5150002 &#8211; Monte Ferrato e M. Iavello ;<\/li><li>IT5150003 &#8211; Appennino pratese.<\/li><\/ul>\n\n\n\n<p>Nel territorio limitrofo alla Provincia di Prato sono presenti:<\/p>\n\n\n\n<ul><li>IT5130009 &#8211; Tre Limentre &#8211; Reno;<\/li><li>IT5140008 &#8211; Monte Morello.<\/li><\/ul>\n\n\n\n<p><a href=\"https:\/\/trasparenza.comune.prato.it\/contenuto417_vas-verifica-assoggettabilit-a-valutazione-ambientale-strategica_742.html\">E\u2019 stato quindi elaborato lo Studio di Incidenza Ambientale. In merito allo studio dei contenuti delle schede dei siti Natura 2000 e dei piani di gestione dei siti, con particolare riferimento alle risorse, alle misure di conservazione e agli obiettivi di conservazione e alle principali criticit\u00e0, l\u2019analisi di incidenza non evidenzia incidenze potenziali significative, dirette o indirette, nei confronti dello stato di conservazione degli habitat e delle specie floristiche segnalate.<\/a><\/p>\n","protected":false},"excerpt":{"rendered":"<p>Con Delibera del Consiglio Provinciale n. 21 del 25\/07\/2022 \u00e8 stata adottata la variante di aggiornamento ed adeguamento del vigente PTCP alla L.R. 65\/2014 e al PIT-PPR ai sensi dell&#8217;art. 19 della L.R. 65\/2014, con contestuale adozione del Rapporto Ambientale e della Sintesi non Tecnica ai sensi dell\u2019art.8 L.R. 10\/2010. Nell&#8217;espletamento della Valutazione Ambientale Strategica, &hellip; <\/p>\n<p class=\"link-more\"><a href=\"https:\/\/ptc.provincia.prato.it\/index.php\/adozione-v-a-s\/\" class=\"more-link\">Leggi tutto<span class=\"screen-reader-text\"> &#8220;Adozione V.A.S.&#8221;<\/span><\/a><\/p>\n","protected":false},"author":5,"featured_media":0,"parent":0,"menu_order":0,"comment_status":"closed","ping_status":"closed","template":"","meta":[],"_links":{"self":[{"href":"https:\/\/ptc.provincia.prato.it\/index.php\/wp-json\/wp\/v2\/pages\/355"}],"collection":[{"href":"https:\/\/ptc.provincia.prato.it\/index.php\/wp-json\/wp\/v2\/pages"}],"about":[{"href":"https:\/\/ptc.provincia.prato.it\/index.php\/wp-json\/wp\/v2\/types\/page"}],"author":[{"embeddable":true,"href":"https:\/\/ptc.provincia.prato.it\/index.php\/wp-json\/wp\/v2\/users\/5"}],"replies":[{"embeddable":true,"href":"https:\/\/ptc.provincia.prato.it\/index.php\/wp-json\/wp\/v2\/comments?post=355"}],"version-history":[{"count":11,"href":"https:\/\/ptc.provincia.prato.it\/index.php\/wp-json\/wp\/v2\/pages\/355\/revisions"}],"predecessor-version":[{"id":521,"href":"https:\/\/ptc.provincia.prato.it\/index.php\/wp-json\/wp\/v2\/pages\/355\/revisions\/521"}],"wp:attachment":[{"href":"https:\/\/ptc.provincia.prato.it\/index.php\/wp-json\/wp\/v2\/media?parent=355"}],"curies":[{"name":"wp","href":"https:\/\/api.w.org\/{rel}","templated":true}]}}